{"id":8,"date":"2019-07-18T15:14:44","date_gmt":"2019-07-18T13:14:44","guid":{"rendered":"http:\/\/www.cet-engineering.com.tn\/?page_id=8"},"modified":"2025-08-07T12:46:27","modified_gmt":"2025-08-07T10:46:27","slug":"%d8%a7%d8%b3%d8%aa%d9%82%d8%a8%d8%a7%d9%84","status":"publish","type":"page","link":"https:\/\/www.cet-engineering.com.tn\/en\/","title":{"rendered":"Home"},"content":{"rendered":"[vc_row full_width=&#8221;stretch_row_content_no_spaces&#8221;][vc_column][rev_slider_vc alias=&#8221;slider-home&#8221;][\/vc_column][\/vc_row][vc_row full_width=&#8221;stretch_row_content&#8221; gap=&#8221;35&#8243;][vc_column css_animation=&#8221;fadeInLeft&#8221; width=&#8221;2\/3&#8243;][vc_column_text css_animation=&#8221;none&#8221; css=&#8221;.vc_custom_1606472925389{margin-left: 40px !important;}&#8221;]\n<p style=\"margin-bottom: -10px;\"><span class=\"title-bienvenue\" style=\"color: #383838; font-family: Franklin Gothic Heavy; font-size: 36pt;\">WELCOME<\/span><\/p>\n<p><span class=\"title-bienvenue2\" style=\"color: #383838; font-family: Franklin Gothic Heavy; font-size: 30pt;\">Who are we?<\/span>[\/vc_column_text][vc_column_text css_animation=&#8221;none&#8221; css=&#8221;.vc_custom_1606472931494{margin-left: 40px !important;}&#8221;]\n<h3 class=\"bienvenue\" style=\"text-align: justify; line-height: 32pt;\"><span style=\"color: #383838; font-family: 'Century Gothic', sans-serif;\">Society <strong>S A R L<\/strong> created in 1991, approved by the Ministry of Equipment, Regional Planning and Sustainable Development, authorized by the <strong> A N P E <\/strong> for environmental studies.<br \/>\nIntervening in the private and state sectors, in the fields of studies, management and monitoring of all types of construction (Public and Industrial), Roads, structures, expertise, Environment and Agricultural projects.<br \/>\nPartner of the National School of Engineers of Gab\u00e8s (E N I G) and of the CETEL analysis laboratory.<br \/>\nEnsuring turnkey constructions in collaboration with state-approved companies.<\/span><\/h3>\n[\/vc_column_text][vc_btn title=&#8221;Read more&#8221; style=&#8221;classic&#8221; shape=&#8221;round&#8221; color=&#8221;white&#8221; align=&#8221;left&#8221; css_animation=&#8221;none&#8221; custom_onclick=&#8221;true&#8221; link=&#8221;url:http%3A%2F%2Fwww.cet-engineering.com.tn%2FNew%2Fpresentation%2F|title:Presentation||&#8221; css=&#8221;.vc_custom_1606472939185{margin-left: 40px !important;}&#8221;][\/vc_column][vc_column css_animation=&#8221;fadeInRight&#8221; width=&#8221;1\/3&#8243; css=&#8221;.vc_custom_1567676477856{border-right-width: 40px !important;background-color: #ebebeb !important;}&#8221;][vc_column_text css_animation=&#8221;none&#8221;]\n<p style=\"margin-bottom: 0px; text-align: center; text-transform: uppercase;\"><span class=\"title-actualite\" style=\"color: #383838; font-family: Franklin Gothic Heavy; font-size: 36pt;\">Actualit\u00e9S<\/span><\/p>\n[\/vc_column_text][vc_column_text]\n<p style=\"line-height: 29pt; margin-bottom: 0px;\"><strong><span style=\"color: #383838; font-family: 'Century Gothic', sans-serif; font-size: 17pt;\">Supervision of doctoral students<\/span><\/strong><\/p>\n<p style=\"text-align: justify; line-height: 29pt;\"><span style=\"color: #383838; font-family: 'Century Gothic', sans-serif;\">Supervision of a doctoral student from ENIG<\/span><\/p>\n<p>Thesis: &#8220;MCP&#8221; Phase Change Materials[\/vc_column_text][vc_btn title=&#8221;See more&#8221; style=&#8221;classic&#8221; shape=&#8221;round&#8221; color=&#8221;white&#8221; align=&#8221;center&#8221; link=&#8221;url:http%3A%2F%2Fwww.cet-engineering.com.tn%2FNew%2Factualite%2F|title:Actualit%C3%A9||&#8221;][vc_column_text]\n<p style=\"line-height: 29pt; margin-bottom: 0px;\"><strong><span style=\"color: #383838; font-family: 'Century Gothic', sans-serif; font-size: 17pt; margin-bottom: -30px;\">Encadrement des doctorants<\/span><\/strong><\/p>\n<p style=\"text-align: justify; line-height: 29pt;\"><span style=\"color: #383838; font-family: 'Century Gothic', sans-serif;\">Encadrement d&#8217;une doctorante de l&#8217;ENIG<br \/>\nTh\u00e8se : Mat\u00e9riaux \u00e0 changement de Phase &#8220;MCP&#8221;<\/span><\/p>\n[\/vc_column_text][vc_btn title=&#8221;See more&#8221; style=&#8221;classic&#8221; shape=&#8221;round&#8221; color=&#8221;white&#8221; align=&#8221;center&#8221; link=&#8221;url:http%3A%2F%2Fwww.cet-engineering.com.tn%2FNew%2Factualite%2F|title:Actualit%C3%A9||&#8221;][\/vc_column][\/vc_row][vc_row css_animation=&#8221;appear&#8221; full_width=&#8221;stretch_row_content&#8221; css=&#8221;.vc_custom_1567081423232{background-color: #6c6c6c !important;}&#8221;][vc_column width=&#8221;1\/2&#8243; el_class=&#8221;ingenieur&#8221;][vc_column_text css_animation=&#8221;none&#8221; css=&#8221;.vc_custom_1606472945748{margin-top: 30px !important;margin-left: 40px !important;}&#8221; font_size=&#8221;40&#8243;]\n<p style=\"margin-bottom: 0px; line-height: 35px;\"><strong><span class=\"title-ingenieur\" style=\"color: #ffffff; font-family: Century Gothic; font-size: 40pt;\">The engineer<\/span><\/strong><\/p>\n<p><span class=\"title-ingenieur2\" style=\"color: #ffffff; font-family: Century Gothic; font-size: 19pt;\">for the optimal solution<\/span>[\/vc_column_text][\/vc_column][vc_column width=&#8221;1\/6&#8243; css=&#8221;.vc_custom_1567509205579{margin-top: -27px !important;}&#8221;]<div class=\"stats-block stats-top   vc_custom_1606472963301\"><div class=\"aio-icon-top\"><div class=\"ult-just-icon-wrapper  \"><div class=\"align-icon\" style=\"text-align:center;\">\n<div class=\"aio-icon none \" data-animation=\"bounceInUp\" data-animation-delay=\"03\" style=\"color:#333333;font-size:12px;display:inline-block;\">\n\t<i class=\"none\"><\/i>\n<\/div><\/div><\/div><\/div><div class=\"stats-desc\" id=\"counter-responsv-wrap-3054\"><div id=\"counter_70524723669eb50dd6a4aa\" data-id=\"counter_70524723669eb50dd6a4aa\"  data-ultimate-target='#counter-responsv-wrap-3054 .stats-number'  data-responsive-json-new='{\"font-size\":\"desktop:40px;tablet:30px;\",\"line-height\":\"\"}'  class=\"stats-number ult-responsive\" style=\" color:#ffffff; \" data-speed=\"3\" data-counter-value=\"28\" data-separator=\"none\" data-decimal=\"none\">0<\/div><div class=\"counter_suffix mycust ult-responsive\"  data-ultimate-target='#counter-responsv-wrap-3054 .mycust'  data-responsive-json-new='{\"font-size\":\"desktop:40px;tablet:30px;\",\"line-height\":\"\"}'  style=\" color:#ffffff\">ans<\/div><div counter-responsv-wrap-3054  data-ultimate-target='#counter-responsv-wrap-3054 .stats-text'  data-responsive-json-new='{\"font-size\":\"desktop:40px;tablet:30px;\",\"line-height\":\"desktop:3px;\"}'  class=\"stats-text ult-responsive\" style=\"font-size:px; color:#ffffff; \">Experiences<\/div><\/div><\/div>[\/vc_column][vc_column width=&#8221;1\/6&#8243; css=&#8221;.vc_custom_1567498965297{margin-top: -30px !important;}&#8221;]<div class=\"stats-block stats-top   vc_custom_1606472978209\"><div class=\"aio-icon-top\"><div class=\"ult-just-icon-wrapper  \"><div class=\"align-icon\" style=\"text-align:center;\">\n<div class=\"aio-icon none \" data-animation=\"bounceInUp\" data-animation-delay=\"03\" style=\"color:#333333;font-size:12px;display:inline-block;\">\n\t<i class=\"none\"><\/i>\n<\/div><\/div><\/div><\/div><div class=\"stats-desc\" id=\"counter-responsv-wrap-3534\"><div class=\"counter_prefix mycust ult-responsive\"  data-ultimate-target='#counter-responsv-wrap-3534 .mycust'  data-responsive-json-new='{\"font-size\":\"desktop:40px;tablet:30px;\",\"line-height\":\"\"}'  style=\" color:#ffffff\">+<\/div><div id=\"counter_53036166269eb50dd6a522\" data-id=\"counter_53036166269eb50dd6a522\"  data-ultimate-target='#counter-responsv-wrap-3534 .stats-number'  data-responsive-json-new='{\"font-size\":\"desktop:40px;tablet:30px;\",\"line-height\":\"\"}'  class=\"stats-number ult-responsive\" style=\" color:#ffffff; \" data-speed=\"3\" data-counter-value=\"50\" data-separator=\"none\" data-decimal=\"none\">0<\/div><div counter-responsv-wrap-3534  data-ultimate-target='#counter-responsv-wrap-3534 .stats-text'  data-responsive-json-new='{\"font-size\":\"desktop:40px;tablet:30px;\",\"line-height\":\"desktop:3px;\"}'  class=\"stats-text ult-responsive\" style=\"font-size:px; color:#ffffff; \">Personal<\/div><\/div><\/div>[\/vc_column][vc_column width=&#8221;1\/6&#8243; css=&#8221;.vc_custom_1567498972597{margin-top: -30px !important;}&#8221;]<div class=\"stats-block stats-top  bordernone  vc_custom_1606318276957\"><div class=\"aio-icon-top\"><div class=\"ult-just-icon-wrapper  \"><div class=\"align-icon\" style=\"text-align:center;\">\n<div class=\"aio-icon none \" data-animation=\"bounceInUp\" data-animation-delay=\"03\" style=\"color:#333333;font-size:12px;display:inline-block;\">\n\t<i class=\"none\"><\/i>\n<\/div><\/div><\/div><\/div><div class=\"stats-desc\" id=\"counter-responsv-wrap-4945\"><div class=\"counter_prefix mycust ult-responsive\"  data-ultimate-target='#counter-responsv-wrap-4945 .mycust'  data-responsive-json-new='{\"font-size\":\"desktop:40px;\",\"line-height\":\"\"}'  style=\" color:#ffffff\">+<\/div><div id=\"counter_21774298669eb50dd6a582\" data-id=\"counter_21774298669eb50dd6a582\"  data-ultimate-target='#counter-responsv-wrap-4945 .stats-number'  data-responsive-json-new='{\"font-size\":\"desktop:40px;\",\"line-height\":\"\"}'  class=\"stats-number ult-responsive\" style=\" color:#ffffff; color:#ffffff;\" data-speed=\"3\" data-counter-value=\"100\" data-separator=\"none\" data-decimal=\"none\">0<\/div><div counter-responsv-wrap-4945  data-ultimate-target='#counter-responsv-wrap-4945 .stats-text'  data-responsive-json-new='{\"font-size\":\"desktop:40px;\",\"line-height\":\"desktop:3px;\"}'  class=\"stats-text ult-responsive\" style=\"font-size:px; color:#ffffff; \">Projects<\/div><\/div><\/div>[\/vc_column][\/vc_row][vc_row css_animation=&#8221;appear&#8221; full_width=&#8221;stretch_row_content&#8221;][vc_column][vc_column_text css=&#8221;.vc_custom_1606472986534{margin-top: 27px !important;margin-left: 40px !important;}&#8221;]<span class=\"title-reference\" style=\"color: #383838; font-family: Franklin Gothic Heavy; font-size: 30pt;\">Our references<\/span>[\/vc_column_text][vc_row_inner content_placement=&#8221;middle&#8221; css=&#8221;.vc_custom_1606473281747{margin-top: -20px !important;padding-right: 20px !important;padding-left: 20px !important;}&#8221;][vc_column_inner width=&#8221;1\/4&#8243;][vc_single_image image=&#8221;1973&#8243; img_size=&#8221;large&#8221; css_animation=&#8221;bounceIn&#8221; alignment=&#8221;center&#8221;][\/vc_column_inner][vc_column_inner width=&#8221;1\/4&#8243;][vc_single_image image=&#8221;1919&#8243; img_size=&#8221;large&#8221; alignment=&#8221;center&#8221; onclick=&#8221;custom_link&#8221; link=&#8221;http:\/\/www.cet-engineering.com.tn\/en\/references\/#Batiments&#8221;][vc_column_text]\n<p id=\"box-text\" class=\"wow tada\" style=\"text-align: center;\" data-wow-duration=\"2s\"><span class=\"ref\" style=\"font-size: 18pt; color: #ffffff;\"><strong><span style=\"font-family: Caviar Dreams; font-style: normal;\"><a href=\"http:\/\/www.cet-engineering.com.tn\/en\/references\/#Batiments\">Buildings<\/a><\/span><\/strong><\/span><\/p>\n[\/vc_column_text][\/vc_column_inner][vc_column_inner width=&#8221;1\/4&#8243;][vc_single_image image=&#8221;1925&#8243; img_size=&#8221;large&#8221; alignment=&#8221;center&#8221; onclick=&#8221;custom_link&#8221; link=&#8221;http:\/\/www.cet-engineering.com.tn\/en\/references\/#Routes&#8221;][vc_column_text]\n<p id=\"box-text\" class=\"wow tada\" style=\"text-align: center;\" data-wow-duration=\"2s\"><span class=\"ref\" style=\"font-size: 18pt; color: #ffffff;\"><strong><span style=\"font-family: Caviar Dreams; font-style: normal;\"><a href=\"http:\/\/www.cet-engineering.com.tn\/en\/references\/#Routes\">Routes<\/a><\/span><\/strong><\/span><\/p>\n[\/vc_column_text][\/vc_column_inner][vc_column_inner width=&#8221;1\/4&#8243;][vc_single_image image=&#8221;1923&#8243; img_size=&#8221;large&#8221; alignment=&#8221;center&#8221; onclick=&#8221;custom_link&#8221; link=&#8221;http:\/\/www.cet-engineering.com.tn\/en\/references\/#environnement&#8221;][vc_column_text]\n<p id=\"box-text\" class=\"wow tada\" style=\"text-align: center;\" data-wow-duration=\"2s\"><span class=\"ref\" style=\"font-size: 18pt; color: #ffffff;\"><strong><span style=\"font-family: Caviar Dreams; font-style: normal;\"><a href=\"http:\/\/www.cet-engineering.com.tn\/en\/references\/#environnement\">Environments<\/a><\/span><\/strong><\/span><\/p>\n[\/vc_column_text][\/vc_column_inner][\/vc_row_inner][vc_row_inner content_placement=&#8221;middle&#8221; css=&#8221;.vc_custom_1606473268581{padding-right: 20px !important;padding-left: 20px !important;}&#8221;][vc_column_inner width=&#8221;1\/4&#8243;][vc_single_image image=&#8221;1921&#8243; img_size=&#8221;large&#8221; alignment=&#8221;center&#8221; onclick=&#8221;custom_link&#8221; link=&#8221;http:\/\/www.cet-engineering.com.tn\/en\/references\/#Agricultures&#8221;][vc_column_text]\n<p id=\"box-text\" class=\"wow tada\" style=\"text-align: center;\" data-wow-duration=\"2s\"><span class=\"ref\" style=\"font-size: 18pt; color: #ffffff;\"><strong><span style=\"font-family: Caviar Dreams; font-style: normal;\"><a href=\"http:\/\/www.cet-engineering.com.tn\/en\/references\/#Agricultures\">Agriculture<\/a><\/span><\/strong><\/span><\/p>\n[\/vc_column_text][\/vc_column_inner][vc_column_inner width=&#8221;1\/4&#8243;][vc_single_image image=&#8221;1926&#8243; img_size=&#8221;large&#8221; alignment=&#8221;center&#8221; onclick=&#8221;custom_link&#8221; link=&#8221;http:\/\/www.cet-engineering.com.tn\/en\/references\/#Charpente-metallique&#8221;][vc_column_text]\n<p id=\"box-text\" class=\"wow tada\" style=\"text-align: center;\" data-wow-duration=\"2s\"><span class=\"ref\" style=\"font-size: 18pt; color: #ffffff;\"><strong><span style=\"font-family: Caviar Dreams; font-style: normal;\"><a href=\"http:\/\/www.cet-engineering.com.tn\/en\/references\/#Charpente-metallique\">Charpente m\u00e9tallique<\/a><\/span><\/strong><\/span><\/p>\n[\/vc_column_text][\/vc_column_inner][vc_column_inner width=&#8221;1\/4&#8243;][vc_single_image image=&#8221;1927&#8243; img_size=&#8221;large&#8221; alignment=&#8221;center&#8221; onclick=&#8221;custom_link&#8221; link=&#8221;http:\/\/www.cet-engineering.com.tn\/en\/references\/#Ouvrages-art&#8221;][vc_column_text]\n<p id=\"box-text\" class=\"wow tada\" style=\"text-align: center;\" data-wow-duration=\"2s\"><span class=\"ref\" style=\"font-size: 18pt; color: #ffffff;\"><strong><span style=\"font-family: Caviar Dreams; font-style: normal;\"><a href=\"http:\/\/www.cet-engineering.com.tn\/en\/references\/#Ouvrages-art\">Art work<\/a><\/span><\/strong><\/span><\/p>\n[\/vc_column_text][\/vc_column_inner][vc_column_inner width=&#8221;1\/4&#8243;][vc_single_image image=&#8221;1928&#8243; img_size=&#8221;large&#8221; alignment=&#8221;center&#8221; onclick=&#8221;custom_link&#8221; link=&#8221;http:\/\/www.cet-engineering.com.tn\/en\/references\/#recherches-en-matiere-energie&#8221;][vc_column_text]\n<p id=\"box-text\" class=\"wow tada\" style=\"text-align: center;\" data-wow-duration=\"2s\"><span class=\"ref\" style=\"font-size: 18pt; color: #ffffff;\"><strong><span style=\"font-family: Caviar Dreams; font-style: normal;\"><a href=\"http:\/\/www.cet-engineering.com.tn\/en\/references\/#recherches-en-matiere-energie\">matter of energy<\/a><\/span><\/strong><\/span><\/p>\n[\/vc_column_text][\/vc_column_inner][\/vc_row_inner][\/vc_column][\/vc_row][vc_row css_animation=&#8221;zoomIn&#8221; full_width=&#8221;stretch_row_content_no_spaces&#8221; css=&#8221;.vc_custom_1606473184968{background-color: #6c6c6c !important;}&#8221;][vc_column width=&#8221;1\/2&#8243; css=&#8221;.vc_custom_1606473175045{background-color: #6c6c6c !important;}&#8221; el_id=&#8221;contact-footer&#8221;][vc_column_text css=&#8221;.vc_custom_1606473241069{margin-top: 27px !important;margin-left: 40px !important;}&#8221;]\n<p class=\"title-contact\" style=\"font-family: Franklin Gothic heavy; color: #fff; font-size: 32pt; margin-bottom: 0px;\">Contact us<\/p>\n<table class=\"tab-contact\" border=\"0\">\n<tbody>\n<tr>\n<td><span style=\"font-family: 'Century Gothic'; font-size: 14pt; color: #ffffff;\"><i class=\"fas fa-map-marker-alt fa-lg\" style=\"color: #ffffff;\"><\/i>\u00a0<span style=\"font-size: 14pt;\">226 Avenue Farhat Hached Imm.Chine 2\u00e8me \u00e9tage &#8211; Bureau n\u00b0 5 &#8211; Gab\u00e8s 6000 &#8211; Tunisie<\/span><\/span><\/td>\n<\/tr>\n<tr>\n<td><span style=\"font-family: 'Century Gothic'; font-size: 14pt; color: #ffffff;\"><i class=\"fa fa-phone fa-lg\" style=\"color: #ffffff;\" aria-hidden=\"true\"><\/i><a href=\"tel:+21675271716\">+216 75 271 716<\/a><\/span><\/td>\n<\/tr>\n<tr>\n<td><span style=\"font-family: 'Century Gothic'; font-size: 14pt; color: #ffffff;\"><i class=\"fa fa-print fa-lg\" style=\"color: #ffffff;\" aria-hidden=\"true\"><\/i><a href=\"tel:+21675271620\">+216 75 271 620<\/a>\u00a0<\/span><\/td>\n<\/tr>\n<tr>\n<td><span style=\"font-family: 'Century Gothic'; font-size: 14pt; color: #ffffff;\"><a href=\"mailto:?to=contact@cet-engineering.com.tn &#038;subject=Sujet%20du%20E-mail :\">contact@cet-engineering.com.tn<\/a> <\/span><\/td>\n<\/tr>\n<tr>\n<td><img decoding=\"async\" class=\"fb\" style=\"margin-right: 10px;\" src=\"http:\/\/www.cet-engineering.com.tn\/wp-content\/uploads\/2019\/08\/fb-1.png\" \/><img decoding=\"async\" class=\"in\" style=\"margin-left: 10px; margin-right: 10px;\" src=\"http:\/\/www.cet-engineering.com.tn\/wp-content\/uploads\/2019\/08\/in.png\" \/><img decoding=\"async\" class=\"go\" style=\"margin-left: 10px; margin-right: 10px;\" src=\"http:\/\/www.cet-engineering.com.tn\/wp-content\/uploads\/2019\/08\/google.png\" \/><\/td>\n<\/tr>\n<\/tbody>\n<\/table>\n[\/vc_column_text][\/vc_column][vc_column width=&#8221;1\/2&#8243;][vc_gmaps link=&#8221;#E-8_JTNDaWZyYW1lJTIwc3JjJTNEJTIyaHR0cHMlM0ElMkYlMkZ3d3cuZ29vZ2xlLmNvbSUyRm1hcHMlMkZlbWJlZCUzRnBiJTNEJTIxMW0xOCUyMTFtMTIlMjExbTMlMjExZDMzMTIuMTYxNTkzNTQ3OTM5JTIxMmQxMC4xMDAwMjk5ODQ3ODkzNyUyMTNkMzMuODg1NDkxODgwNjUxNjglMjEybTMlMjExZjAlMjEyZjAlMjEzZjAlMjEzbTIlMjExaTEwMjQlMjEyaTc2OCUyMTRmMTMuMSUyMTNtMyUyMTFtMiUyMTFzMHgwJTI1M0EweGU0MTE1NzM5ZjYxOTUwYzclMjEyc0NFVC1FbmdpbmVlcmluZyUyNTIwJTI1MjJDZW50cmUlMjUyMGQlMjYlMjMzOSUzQkV0dWRlcyUyNTIwVGVjaG5pcXVlcyUyNTIyJTIxNWUwJTIxM20yJTIxMXNhciUyMTJzdG4lMjE0djE2MDM4MTM1MDMwNDMlMjE1bTIlMjExc2FyJTIxMnN0biUyMiUyMHdpZHRoJTNEJTIyMTAwJTI1JTIyJTIwaGVpZ2h0JTNEJTIyMTIwJTI1JTIyJTIwZnJhbWVib3JkZXIlM0QlMjIwJTIyJTIwc3R5bGUlM0QlMjJib3JkZXIlM0EwJTNCJTIyJTIwYWxsb3dmdWxsc2NyZWVuJTNEJTIyJTIyJTIwYXJpYS1oaWRkZW4lM0QlMjJmYWxzZSUyMiUyMHRhYmluZGV4JTNEJTIyMCUyMiUzRSUzQyUyRmlmcmFtZSUzRQ==&#8221; size=&#8221;&#8221;][\/vc_column][\/vc_row]\n","protected":false},"excerpt":{"rendered":"<p>[vc_row full_width=&#8221;stretch_row_content_no_spaces&#8221;][vc_column][rev_slider_vc alias=&#8221;slider-home&#8221;][\/vc_column][\/vc_row][vc_row full_width=&#8221;stretch_row_content&#8221; gap=&#8221;35&#8243;][vc_column css_animation=&#8221;fadeInLeft&#8221; width=&#8221;2\/3&#8243;][vc_column_text css_animation=&#8221;none&#8221; css=&#8221;.vc_custom_1606472925389{margin-left: 40px !important;}&#8221;] WELCOME Who are we?[\/vc_column_text][vc_column_text css_animation=&#8221;none&#8221; css=&#8221;.vc_custom_1606472931494{margin-left: 40px !important;}&#8221;] Society S A R L created in 1991, approved by the Ministry of Equipment, Regional Planning and Sustainable Development, authorized by&hellip;<\/p>\n","protected":false},"author":1,"featured_media":0,"parent":0,"menu_order":0,"comment_status":"closed","ping_status":"closed","template":"","meta":[],"aioseo_notices":[],"_links":{"self":[{"href":"https:\/\/www.cet-engineering.com.tn\/en\/wp-json\/wp\/v2\/pages\/8"}],"collection":[{"href":"https:\/\/www.cet-engineering.com.tn\/en\/wp-json\/wp\/v2\/pages"}],"about":[{"href":"https:\/\/www.cet-engineering.com.tn\/en\/wp-json\/wp\/v2\/types\/page"}],"author":[{"embeddable":true,"href":"https:\/\/www.cet-engineering.com.tn\/en\/wp-json\/wp\/v2\/users\/1"}],"replies":[{"embeddable":true,"href":"https:\/\/www.cet-engineering.com.tn\/en\/wp-json\/wp\/v2\/comments?post=8"}],"version-history":[{"count":55,"href":"https:\/\/www.cet-engineering.com.tn\/en\/wp-json\/wp\/v2\/pages\/8\/revisions"}],"predecessor-version":[{"id":2541,"href":"https:\/\/www.cet-engineering.com.tn\/en\/wp-json\/wp\/v2\/pages\/8\/revisions\/2541"}],"wp:attachment":[{"href":"https:\/\/www.cet-engineering.com.tn\/en\/wp-json\/wp\/v2\/media?parent=8"}],"curies":[{"name":"wp","href":"https:\/\/api.w.org\/{rel}","templated":true}]}}